{"id":160,"date":"2020-01-08T12:12:15","date_gmt":"2020-01-08T12:12:15","guid":{"rendered":"http:\/\/innoservice.ch\/?page_id=160"},"modified":"2020-01-15T13:00:10","modified_gmt":"2020-01-15T13:00:10","slug":"impressum","status":"publish","type":"page","link":"https:\/\/innoservice.ch\/fr\/impressum\/","title":{"rendered":"Mentions l\u00e9gales"},"content":{"rendered":"<div data-elementor-type=\"wp-page\" data-elementor-id=\"160\" class=\"elementor elementor-160\" data-elementor-post-type=\"page\">\n\t\t\t\t\t\t<section class=\"elementor-section elementor-top-section elementor-element elementor-element-0cfdf32 elementor-section-boxed elementor-section-height-default elementor-section-height-default\" data-id=\"0cfdf32\" data-element_type=\"section\" data-e-type=\"section\">\n\t\t\t\t\t\t<div class=\"elementor-container elementor-column-gap-default\">\n\t\t\t\t\t<div class=\"elementor-column elementor-col-100 elementor-top-column elementor-element elementor-element-656c2cc\" data-id=\"656c2cc\" data-element_type=\"column\" data-e-type=\"column\">\n\t\t\t<div class=\"elementor-widget-wrap elementor-element-populated\">\n\t\t\t\t\t\t<div class=\"elementor-element elementor-element-cf00f14 elementor-widget elementor-widget-heading\" data-id=\"cf00f14\" data-element_type=\"widget\" data-e-type=\"widget\" data-widget_type=\"heading.default\">\n\t\t\t\t<div class=\"elementor-widget-container\">\n\t\t\t\t\t<h1 class=\"elementor-heading-title elementor-size-default\">Mentions l\u00e9gales<\/h1>\t\t\t\t<\/div>\n\t\t\t\t<\/div>\n\t\t\t\t<div class=\"elementor-element elementor-element-cdeb32c elementor-widget elementor-widget-text-editor\" data-id=\"cdeb32c\" data-element_type=\"widget\" data-e-type=\"widget\" data-widget_type=\"text-editor.default\">\n\t\t\t\t<div class=\"elementor-widget-container\">\n\t\t\t\t\t\t\t\t\t<p><strong>InnoService AG<\/strong><br \/>Sandacherstrasse 23<br \/>3186 D\u00fcdingen\/Guin<\/p><p>Telefon: 026 488 06 06<br \/>Fax:\u00a0\u00a0\u00a0\u00a0\u00a0 026 488 06 07<br \/>Email:\u00a0\u00a0 <a href=\"mailto:admin@innoservice.ch\">admin@innoservice.ch<\/a><\/p>\t\t\t\t\t\t\t\t<\/div>\n\t\t\t\t<\/div>\n\t\t\t\t<div class=\"elementor-element elementor-element-a43b966 elementor-widget elementor-widget-heading\" data-id=\"a43b966\" data-element_type=\"widget\" data-e-type=\"widget\" data-widget_type=\"heading.default\">\n\t\t\t\t<div class=\"elementor-widget-container\">\n\t\t\t\t\t<h2 class=\"elementor-heading-title elementor-size-default\">Responsabilit\u00e9 des liens<\/h2>\t\t\t\t<\/div>\n\t\t\t\t<\/div>\n\t\t\t\t<section class=\"elementor-section elementor-inner-section elementor-element elementor-element-aee9bb8 elementor-section-boxed elementor-section-height-default elementor-section-height-default\" data-id=\"aee9bb8\" data-element_type=\"section\" data-e-type=\"section\">\n\t\t\t\t\t\t<div class=\"elementor-container elementor-column-gap-default\">\n\t\t\t\t\t<div class=\"elementor-column elementor-col-50 elementor-inner-column elementor-element elementor-element-31b7b00\" data-id=\"31b7b00\" data-element_type=\"column\" data-e-type=\"column\">\n\t\t\t<div class=\"elementor-widget-wrap elementor-element-populated\">\n\t\t\t\t\t\t<div class=\"elementor-element elementor-element-c8274b4 elementor-widget elementor-widget-text-editor\" data-id=\"c8274b4\" data-element_type=\"widget\" data-e-type=\"widget\" data-widget_type=\"text-editor.default\">\n\t\t\t\t<div class=\"elementor-widget-container\">\n\t\t\t\t\t\t\t\t\t<p>Nous vous remercions de l'int\u00e9r\u00eat que vous portez \u00e0 notre site web. Pour les liens externes vers des contenus externes, nous ne pouvons assumer aucune responsabilit\u00e9 malgr\u00e9 un contr\u00f4le minutieux du contenu. Les exploitants des pages li\u00e9es sont seuls responsables du contenu de leurs pages.<\/p>\t\t\t\t\t\t\t\t<\/div>\n\t\t\t\t<\/div>\n\t\t\t\t\t<\/div>\n\t\t<\/div>\n\t\t\t\t<div class=\"elementor-column elementor-col-50 elementor-inner-column elementor-element elementor-element-4707f06\" data-id=\"4707f06\" data-element_type=\"column\" data-e-type=\"column\">\n\t\t\t<div class=\"elementor-widget-wrap\">\n\t\t\t\t\t\t\t<\/div>\n\t\t<\/div>\n\t\t\t\t\t<\/div>\n\t\t<\/section>\n\t\t\t\t<div class=\"elementor-element elementor-element-79b8fe4 elementor-widget elementor-widget-menu-anchor\" data-id=\"79b8fe4\" data-element_type=\"widget\" data-e-type=\"widget\" data-widget_type=\"menu-anchor.default\">\n\t\t\t\t<div class=\"elementor-widget-container\">\n\t\t\t\t\t\t\t<div class=\"elementor-menu-anchor\" id=\"datenschutz\"><\/div>\n\t\t\t\t\t\t<\/div>\n\t\t\t\t<\/div>\n\t\t\t\t<div class=\"elementor-element elementor-element-bc8551f elementor-widget elementor-widget-heading\" data-id=\"bc8551f\" data-element_type=\"widget\" data-e-type=\"widget\" data-widget_type=\"heading.default\">\n\t\t\t\t<div class=\"elementor-widget-container\">\n\t\t\t\t\t<h2 class=\"elementor-heading-title elementor-size-default\">Protection des donn\u00e9es<\/h2>\t\t\t\t<\/div>\n\t\t\t\t<\/div>\n\t\t\t\t<section class=\"elementor-section elementor-inner-section elementor-element elementor-element-2dcd1b6 elementor-section-boxed elementor-section-height-default elementor-section-height-default\" data-id=\"2dcd1b6\" data-element_type=\"section\" data-e-type=\"section\">\n\t\t\t\t\t\t<div class=\"elementor-container elementor-column-gap-default\">\n\t\t\t\t\t<div class=\"elementor-column elementor-col-50 elementor-inner-column elementor-element elementor-element-51e9473\" data-id=\"51e9473\" data-element_type=\"column\" data-e-type=\"column\">\n\t\t\t<div class=\"elementor-widget-wrap elementor-element-populated\">\n\t\t\t\t\t\t<div class=\"elementor-element elementor-element-52b0d89 elementor-widget elementor-widget-text-editor\" data-id=\"52b0d89\" data-element_type=\"widget\" data-e-type=\"widget\" data-widget_type=\"text-editor.default\">\n\t\t\t\t<div class=\"elementor-widget-container\">\n\t\t\t\t\t\t\t\t\t<p>La protection de vos donn\u00e9es personnelles lors de la collecte, du traitement et de l'utilisation \u00e0 l'occasion de votre visite sur notre site web est une pr\u00e9occupation importante pour nous. Vos donn\u00e9es sont prot\u00e9g\u00e9es dans le cadre des dispositions l\u00e9gales.<\/p>\t\t\t\t\t\t\t\t<\/div>\n\t\t\t\t<\/div>\n\t\t\t\t\t<\/div>\n\t\t<\/div>\n\t\t\t\t<div class=\"elementor-column elementor-col-50 elementor-inner-column elementor-element elementor-element-22f7802\" data-id=\"22f7802\" data-element_type=\"column\" data-e-type=\"column\">\n\t\t\t<div class=\"elementor-widget-wrap\">\n\t\t\t\t\t\t\t<\/div>\n\t\t<\/div>\n\t\t\t\t\t<\/div>\n\t\t<\/section>\n\t\t\t\t\t<\/div>\n\t\t<\/div>\n\t\t\t\t\t<\/div>\n\t\t<\/section>\n\t\t\t\t<\/div>","protected":false},"excerpt":{"rendered":"<p>Impressum InnoService AGSandacherstrasse 233186 D\u00fcdingen Telefon: 026 488 06 06Fax:\u00a0\u00a0\u00a0\u00a0\u00a0 026 488 06 07Email:\u00a0\u00a0 admin@innoservice.ch Haftung f\u00fcr Links Wir freuen uns \u00fcber Ihr Interesse an unserer Website. F\u00fcr externe Links zu fremden Inhalten k\u00f6nnen wir dabei trotz sorgf\u00e4ltiger inhaltlicher Kontrolle keine Haftung \u00fcbernehmen. F\u00fcr den Inhalt der verlinkten Seiten sind ausschlie\u00dflich deren Betreiber verantwortlich. Datenschutz [&hellip;]<\/p>\n","protected":false},"author":1,"featured_media":0,"parent":0,"menu_order":0,"comment_status":"closed","ping_status":"closed","template":"","meta":{"footnotes":""},"class_list":["post-160","page","type-page","status-publish","hentry"],"yoast_head":"<!-- This site is optimized with the Yoast SEO plugin v27.3 - https:\/\/yoast.com\/product\/yoast-seo-wordpress\/ -->\n<title>Impressum - Innoservice<\/title>\n<meta name=\"robots\" content=\"index, follow, max-snippet:-1, max-image-preview:large, max-video-preview:-1\" \/>\n<link rel=\"canonical\" href=\"https:\/\/innoservice.ch\/fr\/impressum\/\" \/>\n<meta property=\"og:locale\" content=\"fr_FR\" \/>\n<meta property=\"og:type\" content=\"article\" \/>\n<meta property=\"og:title\" content=\"Impressum - Innoservice\" \/>\n<meta property=\"og:description\" content=\"Impressum InnoService AGSandacherstrasse 233186 D\u00fcdingen Telefon: 026 488 06 06Fax:\u00a0\u00a0\u00a0\u00a0\u00a0 026 488 06 07Email:\u00a0\u00a0 admin@innoservice.ch Haftung f\u00fcr Links Wir freuen uns \u00fcber Ihr Interesse an unserer Website. F\u00fcr externe Links zu fremden Inhalten k\u00f6nnen wir dabei trotz sorgf\u00e4ltiger inhaltlicher Kontrolle keine Haftung \u00fcbernehmen. F\u00fcr den Inhalt der verlinkten Seiten sind ausschlie\u00dflich deren Betreiber verantwortlich. Datenschutz [&hellip;]\" \/>\n<meta property=\"og:url\" content=\"https:\/\/innoservice.ch\/fr\/impressum\/\" \/>\n<meta property=\"og:site_name\" content=\"Innoservice\" \/>\n<meta property=\"article:modified_time\" content=\"2020-01-15T13:00:10+00:00\" \/>\n<meta name=\"twitter:card\" content=\"summary_large_image\" \/>\n<script type=\"application\/ld+json\" class=\"yoast-schema-graph\">{\"@context\":\"https:\\\/\\\/schema.org\",\"@graph\":[{\"@type\":\"WebPage\",\"@id\":\"https:\\\/\\\/innoservice.ch\\\/impressum\\\/\",\"url\":\"https:\\\/\\\/innoservice.ch\\\/impressum\\\/\",\"name\":\"Impressum - Innoservice\",\"isPartOf\":{\"@id\":\"https:\\\/\\\/innoservice.ch\\\/#website\"},\"datePublished\":\"2020-01-08T12:12:15+00:00\",\"dateModified\":\"2020-01-15T13:00:10+00:00\",\"breadcrumb\":{\"@id\":\"https:\\\/\\\/innoservice.ch\\\/impressum\\\/#breadcrumb\"},\"inLanguage\":\"fr-FR\",\"potentialAction\":[{\"@type\":\"ReadAction\",\"target\":[\"https:\\\/\\\/innoservice.ch\\\/impressum\\\/\"]}]},{\"@type\":\"BreadcrumbList\",\"@id\":\"https:\\\/\\\/innoservice.ch\\\/impressum\\\/#breadcrumb\",\"itemListElement\":[{\"@type\":\"ListItem\",\"position\":1,\"name\":\"Home\",\"item\":\"https:\\\/\\\/innoservice.ch\\\/\"},{\"@type\":\"ListItem\",\"position\":2,\"name\":\"Impressum\"}]},{\"@type\":\"WebSite\",\"@id\":\"https:\\\/\\\/innoservice.ch\\\/#website\",\"url\":\"https:\\\/\\\/innoservice.ch\\\/\",\"name\":\"Innoservice\",\"description\":\"\",\"potentialAction\":[{\"@type\":\"SearchAction\",\"target\":{\"@type\":\"EntryPoint\",\"urlTemplate\":\"https:\\\/\\\/innoservice.ch\\\/?s={search_term_string}\"},\"query-input\":{\"@type\":\"PropertyValueSpecification\",\"valueRequired\":true,\"valueName\":\"search_term_string\"}}],\"inLanguage\":\"fr-FR\"}]}<\/script>\n<!-- \/ Yoast SEO plugin. -->","yoast_head_json":{"title":"Impressum - Innoservice","robots":{"index":"index","follow":"follow","max-snippet":"max-snippet:-1","max-image-preview":"max-image-preview:large","max-video-preview":"max-video-preview:-1"},"canonical":"https:\/\/innoservice.ch\/fr\/impressum\/","og_locale":"fr_FR","og_type":"article","og_title":"Impressum - Innoservice","og_description":"Impressum InnoService AGSandacherstrasse 233186 D\u00fcdingen Telefon: 026 488 06 06Fax:\u00a0\u00a0\u00a0\u00a0\u00a0 026 488 06 07Email:\u00a0\u00a0 admin@innoservice.ch Haftung f\u00fcr Links Wir freuen uns \u00fcber Ihr Interesse an unserer Website. F\u00fcr externe Links zu fremden Inhalten k\u00f6nnen wir dabei trotz sorgf\u00e4ltiger inhaltlicher Kontrolle keine Haftung \u00fcbernehmen. F\u00fcr den Inhalt der verlinkten Seiten sind ausschlie\u00dflich deren Betreiber verantwortlich. Datenschutz [&hellip;]","og_url":"https:\/\/innoservice.ch\/fr\/impressum\/","og_site_name":"Innoservice","article_modified_time":"2020-01-15T13:00:10+00:00","twitter_card":"summary_large_image","schema":{"@context":"https:\/\/schema.org","@graph":[{"@type":"WebPage","@id":"https:\/\/innoservice.ch\/impressum\/","url":"https:\/\/innoservice.ch\/impressum\/","name":"Impressum - Innoservice","isPartOf":{"@id":"https:\/\/innoservice.ch\/#website"},"datePublished":"2020-01-08T12:12:15+00:00","dateModified":"2020-01-15T13:00:10+00:00","breadcrumb":{"@id":"https:\/\/innoservice.ch\/impressum\/#breadcrumb"},"inLanguage":"fr-FR","potentialAction":[{"@type":"ReadAction","target":["https:\/\/innoservice.ch\/impressum\/"]}]},{"@type":"BreadcrumbList","@id":"https:\/\/innoservice.ch\/impressum\/#breadcrumb","itemListElement":[{"@type":"ListItem","position":1,"name":"Home","item":"https:\/\/innoservice.ch\/"},{"@type":"ListItem","position":2,"name":"Impressum"}]},{"@type":"WebSite","@id":"https:\/\/innoservice.ch\/#website","url":"https:\/\/innoservice.ch\/","name":"Innoservice","description":"","potentialAction":[{"@type":"SearchAction","target":{"@type":"EntryPoint","urlTemplate":"https:\/\/innoservice.ch\/?s={search_term_string}"},"query-input":{"@type":"PropertyValueSpecification","valueRequired":true,"valueName":"search_term_string"}}],"inLanguage":"fr-FR"}]}},"_links":{"self":[{"href":"https:\/\/innoservice.ch\/fr\/wp-json\/wp\/v2\/pages\/160","targetHints":{"allow":["GET"]}}],"collection":[{"href":"https:\/\/innoservice.ch\/fr\/wp-json\/wp\/v2\/pages"}],"about":[{"href":"https:\/\/innoservice.ch\/fr\/wp-json\/wp\/v2\/types\/page"}],"author":[{"embeddable":true,"href":"https:\/\/innoservice.ch\/fr\/wp-json\/wp\/v2\/users\/1"}],"replies":[{"embeddable":true,"href":"https:\/\/innoservice.ch\/fr\/wp-json\/wp\/v2\/comments?post=160"}],"version-history":[{"count":7,"href":"https:\/\/innoservice.ch\/fr\/wp-json\/wp\/v2\/pages\/160\/revisions"}],"predecessor-version":[{"id":568,"href":"https:\/\/innoservice.ch\/fr\/wp-json\/wp\/v2\/pages\/160\/revisions\/568"}],"wp:attachment":[{"href":"https:\/\/innoservice.ch\/fr\/wp-json\/wp\/v2\/media?parent=160"}],"curies":[{"name":"wp","href":"https:\/\/api.w.org\/{rel}","templated":true}]}}