{"id":144,"date":"2020-01-08T08:36:32","date_gmt":"2020-01-08T08:36:32","guid":{"rendered":"http:\/\/innoservice.ch\/?page_id=144"},"modified":"2020-01-15T13:21:17","modified_gmt":"2020-01-15T13:21:17","slug":"thermografie","status":"publish","type":"page","link":"https:\/\/innoservice.ch\/fr\/thermografie\/","title":{"rendered":"Thermographie"},"content":{"rendered":"<div data-elementor-type=\"wp-page\" data-elementor-id=\"144\" class=\"elementor elementor-144\" data-elementor-post-type=\"page\">\n\t\t\t\t\t\t<section class=\"elementor-section elementor-top-section elementor-element elementor-element-cd47703 elementor-section-boxed elementor-section-height-default elementor-section-height-default\" data-id=\"cd47703\" data-element_type=\"section\" data-e-type=\"section\">\n\t\t\t\t\t\t<div class=\"elementor-container elementor-column-gap-default\">\n\t\t\t\t\t<div class=\"elementor-column elementor-col-100 elementor-top-column elementor-element elementor-element-2ae77f7\" data-id=\"2ae77f7\" data-element_type=\"column\" data-e-type=\"column\">\n\t\t\t<div class=\"elementor-widget-wrap elementor-element-populated\">\n\t\t\t\t\t\t<div class=\"elementor-element elementor-element-a839870 elementor-widget elementor-widget-heading\" data-id=\"a839870\" data-element_type=\"widget\" data-e-type=\"widget\" data-widget_type=\"heading.default\">\n\t\t\t\t<div class=\"elementor-widget-container\">\n\t\t\t\t\t<h1 class=\"elementor-heading-title elementor-size-default\">Thermographie<\/h1>\t\t\t\t<\/div>\n\t\t\t\t<\/div>\n\t\t\t\t<div class=\"elementor-element elementor-element-fab72d7 elementor-widget elementor-widget-heading\" data-id=\"fab72d7\" data-element_type=\"widget\" data-e-type=\"widget\" data-widget_type=\"heading.default\">\n\t\t\t\t<div class=\"elementor-widget-container\">\n\t\t\t\t\t<h3 class=\"elementor-heading-title elementor-size-default\">L\u2019image thermographique<\/h3>\t\t\t\t<\/div>\n\t\t\t\t<\/div>\n\t\t\t\t<section class=\"elementor-section elementor-inner-section elementor-element elementor-element-e89ecda elementor-section-boxed elementor-section-height-default elementor-section-height-default\" data-id=\"e89ecda\" data-element_type=\"section\" data-e-type=\"section\">\n\t\t\t\t\t\t<div class=\"elementor-container elementor-column-gap-default\">\n\t\t\t\t\t<div class=\"elementor-column elementor-col-50 elementor-inner-column elementor-element elementor-element-cf8d325\" data-id=\"cf8d325\" data-element_type=\"column\" data-e-type=\"column\">\n\t\t\t<div class=\"elementor-widget-wrap elementor-element-populated\">\n\t\t\t\t\t\t<div class=\"elementor-element elementor-element-396acd6 elementor-widget elementor-widget-text-editor\" data-id=\"396acd6\" data-element_type=\"widget\" data-e-type=\"widget\" data-widget_type=\"text-editor.default\">\n\t\t\t\t<div class=\"elementor-widget-container\">\n\t\t\t\t\t\t\t\t\t<p>La technologie infrarouge est devenue l'une des m\u00e9thodes de diagnostic les plus pr\u00e9cieuses dans le domaine de la maintenance et de l'entretien pr\u00e9ventif, de l'ing\u00e9nierie des services du b\u00e2timent, de la d\u00e9tection des fuites, de la surveillance des processus, du d\u00e9veloppement et de la recherche.<\/p>\t\t\t\t\t\t\t\t<\/div>\n\t\t\t\t<\/div>\n\t\t\t\t\t<\/div>\n\t\t<\/div>\n\t\t\t\t<div class=\"elementor-column elementor-col-50 elementor-inner-column elementor-element elementor-element-b486d5d\" data-id=\"b486d5d\" data-element_type=\"column\" data-e-type=\"column\">\n\t\t\t<div class=\"elementor-widget-wrap\">\n\t\t\t\t\t\t\t<\/div>\n\t\t<\/div>\n\t\t\t\t\t<\/div>\n\t\t<\/section>\n\t\t\t\t<div class=\"elementor-element elementor-element-3e9a023 elementor-widget elementor-widget-heading\" data-id=\"3e9a023\" data-element_type=\"widget\" data-e-type=\"widget\" data-widget_type=\"heading.default\">\n\t\t\t\t<div class=\"elementor-widget-container\">\n\t\t\t\t\t<h3 class=\"elementor-heading-title elementor-size-default\">Thermographie de b\u00e2timent<\/h3>\t\t\t\t<\/div>\n\t\t\t\t<\/div>\n\t\t\t\t<section class=\"elementor-section elementor-inner-section elementor-element elementor-element-3be03d2 elementor-section-boxed elementor-section-height-default elementor-section-height-default\" data-id=\"3be03d2\" data-element_type=\"section\" data-e-type=\"section\">\n\t\t\t\t\t\t<div class=\"elementor-container elementor-column-gap-default\">\n\t\t\t\t\t<div class=\"elementor-column elementor-col-50 elementor-inner-column elementor-element elementor-element-c6249f1\" data-id=\"c6249f1\" data-element_type=\"column\" data-e-type=\"column\">\n\t\t\t<div class=\"elementor-widget-wrap elementor-element-populated\">\n\t\t\t\t\t\t<div class=\"elementor-element elementor-element-3b29a4b elementor-widget elementor-widget-text-editor\" data-id=\"3b29a4b\" data-element_type=\"widget\" data-e-type=\"widget\" data-widget_type=\"text-editor.default\">\n\t\t\t\t<div class=\"elementor-widget-container\">\n\t\t\t\t\t\t\t\t\t<p>Les temp\u00e9ratures de surface de l'enveloppe d'un b\u00e2timent peuvent \u00eatre rendues visibles rapidement et facilement gr\u00e2ce aux images IR. Les images peuvent \u00eatre utilis\u00e9es pour la planification de la r\u00e9novation ainsi que pour l'acceptation des normes \u00e9nerg\u00e9tiques.<\/p>\t\t\t\t\t\t\t\t<\/div>\n\t\t\t\t<\/div>\n\t\t\t\t\t<\/div>\n\t\t<\/div>\n\t\t\t\t<div class=\"elementor-column elementor-col-50 elementor-inner-column elementor-element elementor-element-b1f5ead\" data-id=\"b1f5ead\" data-element_type=\"column\" data-e-type=\"column\">\n\t\t\t<div class=\"elementor-widget-wrap\">\n\t\t\t\t\t\t\t<\/div>\n\t\t<\/div>\n\t\t\t\t\t<\/div>\n\t\t<\/section>\n\t\t\t\t\t<\/div>\n\t\t<\/div>\n\t\t\t\t\t<\/div>\n\t\t<\/section>\n\t\t\t\t<\/div>","protected":false},"excerpt":{"rendered":"<p>Thermografie Das W\u00e4rmebild Die Infrarottechnik hat sich zu einem der wertvollsten Diagnoseverfahren im Bereich der vorbeugenden Instandhaltung und Wartung, Geb\u00e4udetechnik, Leckageortung, Proess\u00fcberwachung, Entwicklung und Forschung entwickelt. Bau-Thermografie Oberfl\u00e4chentemperaturen einer Geb\u00e4udeh\u00fclle k\u00f6nnen mit IR-Bildern schnell und einfach sichtbar gemacht werden. Die Bilder k\u00f6nnen f\u00fcr eine Sanierungsplanung wie auch f\u00fcr die Abnahme verwendet werden.<\/p>","protected":false},"author":1,"featured_media":0,"parent":0,"menu_order":0,"comment_status":"closed","ping_status":"closed","template":"","meta":{"footnotes":""},"class_list":["post-144","page","type-page","status-publish","hentry"],"yoast_head":"<!-- This site is optimized with the Yoast SEO plugin v27.3 - https:\/\/yoast.com\/product\/yoast-seo-wordpress\/ -->\n<title>Thermografie - Innoservice<\/title>\n<meta name=\"robots\" content=\"index, follow, max-snippet:-1, max-image-preview:large, max-video-preview:-1\" \/>\n<link rel=\"canonical\" href=\"https:\/\/innoservice.ch\/fr\/thermografie\/\" \/>\n<meta property=\"og:locale\" content=\"fr_FR\" \/>\n<meta property=\"og:type\" content=\"article\" \/>\n<meta property=\"og:title\" content=\"Thermografie - Innoservice\" \/>\n<meta property=\"og:description\" content=\"Thermografie Das W\u00e4rmebild Die Infrarottechnik hat sich zu einem der wertvollsten Diagnoseverfahren im Bereich der vorbeugenden Instandhaltung und Wartung, Geb\u00e4udetechnik, Leckageortung, Proess\u00fcberwachung, Entwicklung und Forschung entwickelt. Bau-Thermografie Oberfl\u00e4chentemperaturen einer Geb\u00e4udeh\u00fclle k\u00f6nnen mit IR-Bildern schnell und einfach sichtbar gemacht werden. Die Bilder k\u00f6nnen f\u00fcr eine Sanierungsplanung wie auch f\u00fcr die Abnahme verwendet werden.\" \/>\n<meta property=\"og:url\" content=\"https:\/\/innoservice.ch\/fr\/thermografie\/\" \/>\n<meta property=\"og:site_name\" content=\"Innoservice\" \/>\n<meta property=\"article:modified_time\" content=\"2020-01-15T13:21:17+00:00\" \/>\n<meta name=\"twitter:card\" content=\"summary_large_image\" \/>\n<script type=\"application\/ld+json\" class=\"yoast-schema-graph\">{\"@context\":\"https:\\\/\\\/schema.org\",\"@graph\":[{\"@type\":\"WebPage\",\"@id\":\"https:\\\/\\\/innoservice.ch\\\/thermografie\\\/\",\"url\":\"https:\\\/\\\/innoservice.ch\\\/thermografie\\\/\",\"name\":\"Thermografie - Innoservice\",\"isPartOf\":{\"@id\":\"https:\\\/\\\/innoservice.ch\\\/#website\"},\"datePublished\":\"2020-01-08T08:36:32+00:00\",\"dateModified\":\"2020-01-15T13:21:17+00:00\",\"breadcrumb\":{\"@id\":\"https:\\\/\\\/innoservice.ch\\\/thermografie\\\/#breadcrumb\"},\"inLanguage\":\"fr-FR\",\"potentialAction\":[{\"@type\":\"ReadAction\",\"target\":[\"https:\\\/\\\/innoservice.ch\\\/thermografie\\\/\"]}]},{\"@type\":\"BreadcrumbList\",\"@id\":\"https:\\\/\\\/innoservice.ch\\\/thermografie\\\/#breadcrumb\",\"itemListElement\":[{\"@type\":\"ListItem\",\"position\":1,\"name\":\"Home\",\"item\":\"https:\\\/\\\/innoservice.ch\\\/\"},{\"@type\":\"ListItem\",\"position\":2,\"name\":\"Thermografie\"}]},{\"@type\":\"WebSite\",\"@id\":\"https:\\\/\\\/innoservice.ch\\\/#website\",\"url\":\"https:\\\/\\\/innoservice.ch\\\/\",\"name\":\"Innoservice\",\"description\":\"\",\"potentialAction\":[{\"@type\":\"SearchAction\",\"target\":{\"@type\":\"EntryPoint\",\"urlTemplate\":\"https:\\\/\\\/innoservice.ch\\\/?s={search_term_string}\"},\"query-input\":{\"@type\":\"PropertyValueSpecification\",\"valueRequired\":true,\"valueName\":\"search_term_string\"}}],\"inLanguage\":\"fr-FR\"}]}<\/script>\n<!-- \/ Yoast SEO plugin. -->","yoast_head_json":{"title":"Thermografie - Innoservice","robots":{"index":"index","follow":"follow","max-snippet":"max-snippet:-1","max-image-preview":"max-image-preview:large","max-video-preview":"max-video-preview:-1"},"canonical":"https:\/\/innoservice.ch\/fr\/thermografie\/","og_locale":"fr_FR","og_type":"article","og_title":"Thermografie - Innoservice","og_description":"Thermografie Das W\u00e4rmebild Die Infrarottechnik hat sich zu einem der wertvollsten Diagnoseverfahren im Bereich der vorbeugenden Instandhaltung und Wartung, Geb\u00e4udetechnik, Leckageortung, Proess\u00fcberwachung, Entwicklung und Forschung entwickelt. Bau-Thermografie Oberfl\u00e4chentemperaturen einer Geb\u00e4udeh\u00fclle k\u00f6nnen mit IR-Bildern schnell und einfach sichtbar gemacht werden. Die Bilder k\u00f6nnen f\u00fcr eine Sanierungsplanung wie auch f\u00fcr die Abnahme verwendet werden.","og_url":"https:\/\/innoservice.ch\/fr\/thermografie\/","og_site_name":"Innoservice","article_modified_time":"2020-01-15T13:21:17+00:00","twitter_card":"summary_large_image","schema":{"@context":"https:\/\/schema.org","@graph":[{"@type":"WebPage","@id":"https:\/\/innoservice.ch\/thermografie\/","url":"https:\/\/innoservice.ch\/thermografie\/","name":"Thermografie - Innoservice","isPartOf":{"@id":"https:\/\/innoservice.ch\/#website"},"datePublished":"2020-01-08T08:36:32+00:00","dateModified":"2020-01-15T13:21:17+00:00","breadcrumb":{"@id":"https:\/\/innoservice.ch\/thermografie\/#breadcrumb"},"inLanguage":"fr-FR","potentialAction":[{"@type":"ReadAction","target":["https:\/\/innoservice.ch\/thermografie\/"]}]},{"@type":"BreadcrumbList","@id":"https:\/\/innoservice.ch\/thermografie\/#breadcrumb","itemListElement":[{"@type":"ListItem","position":1,"name":"Home","item":"https:\/\/innoservice.ch\/"},{"@type":"ListItem","position":2,"name":"Thermografie"}]},{"@type":"WebSite","@id":"https:\/\/innoservice.ch\/#website","url":"https:\/\/innoservice.ch\/","name":"Innoservice","description":"","potentialAction":[{"@type":"SearchAction","target":{"@type":"EntryPoint","urlTemplate":"https:\/\/innoservice.ch\/?s={search_term_string}"},"query-input":{"@type":"PropertyValueSpecification","valueRequired":true,"valueName":"search_term_string"}}],"inLanguage":"fr-FR"}]}},"_links":{"self":[{"href":"https:\/\/innoservice.ch\/fr\/wp-json\/wp\/v2\/pages\/144","targetHints":{"allow":["GET"]}}],"collection":[{"href":"https:\/\/innoservice.ch\/fr\/wp-json\/wp\/v2\/pages"}],"about":[{"href":"https:\/\/innoservice.ch\/fr\/wp-json\/wp\/v2\/types\/page"}],"author":[{"embeddable":true,"href":"https:\/\/innoservice.ch\/fr\/wp-json\/wp\/v2\/users\/1"}],"replies":[{"embeddable":true,"href":"https:\/\/innoservice.ch\/fr\/wp-json\/wp\/v2\/comments?post=144"}],"version-history":[{"count":8,"href":"https:\/\/innoservice.ch\/fr\/wp-json\/wp\/v2\/pages\/144\/revisions"}],"predecessor-version":[{"id":581,"href":"https:\/\/innoservice.ch\/fr\/wp-json\/wp\/v2\/pages\/144\/revisions\/581"}],"wp:attachment":[{"href":"https:\/\/innoservice.ch\/fr\/wp-json\/wp\/v2\/media?parent=144"}],"curies":[{"name":"wp","href":"https:\/\/api.w.org\/{rel}","templated":true}]}}